{"id":1945,"date":"2020-12-08T17:31:29","date_gmt":"2020-12-08T17:31:29","guid":{"rendered":"https:\/\/cppisrq.ca\/infos\/"},"modified":"2024-01-08T09:30:21","modified_gmt":"2024-01-08T14:30:21","slug":"news","status":"publish","type":"page","link":"https:\/\/www.cppisrq.ca\/en\/news\/","title":{"rendered":"News"},"content":{"rendered":"\t\t<div data-elementor-type=\"wp-page\" data-elementor-id=\"1945\" class=\"elementor elementor-1945 elementor-346\" data-elementor-post-type=\"page\">\n\t\t\t\t\t\t<section class=\"elementor-section elementor-top-section elementor-element elementor-element-67c06b3 elementor-section-full_width pv200 section-head elementor-section-height-default elementor-section-height-default\" data-id=\"67c06b3\" data-element_type=\"section\" data-settings=\"{&quot;jet_parallax_layout_list&quot;:[{&quot;jet_parallax_layout_image&quot;:{&quot;url&quot;:&quot;&quot;,&quot;id&quot;:&quot;&quot;,&quot;size&quot;:&quot;&quot;},&quot;_id&quot;:&quot;553a39c&quot;,&quot;jet_parallax_layout_image_tablet&quot;:{&quot;url&quot;:&quot;&quot;,&quot;id&quot;:&quot;&quot;,&quot;size&quot;:&quot;&quot;},&quot;jet_parallax_layout_image_mobile&quot;:{&quot;url&quot;:&quot;&quot;,&quot;id&quot;:&quot;&quot;,&quot;size&quot;:&quot;&quot;},&quot;jet_parallax_layout_speed&quot;:{&quot;unit&quot;:&quot;%&quot;,&quot;size&quot;:50,&quot;sizes&quot;:[]},&quot;jet_parallax_layout_type&quot;:&quot;scroll&quot;,&quot;jet_parallax_layout_direction&quot;:null,&quot;jet_parallax_layout_fx_direction&quot;:null,&quot;jet_parallax_layout_z_index&quot;:&quot;&quot;,&quot;jet_parallax_layout_bg_x&quot;:50,&quot;jet_parallax_layout_bg_x_tablet&quot;:&quot;&quot;,&quot;jet_parallax_layout_bg_x_mobile&quot;:&quot;&quot;,&quot;jet_parallax_layout_bg_y&quot;:50,&quot;jet_parallax_layout_bg_y_tablet&quot;:&quot;&quot;,&quot;jet_parallax_layout_bg_y_mobile&quot;:&quot;&quot;,&quot;jet_parallax_layout_bg_size&quot;:&quot;auto&quot;,&quot;jet_parallax_layout_bg_size_tablet&quot;:&quot;&quot;,&quot;jet_parallax_layout_bg_size_mobile&quot;:&quot;&quot;,&quot;jet_parallax_layout_animation_prop&quot;:&quot;transform&quot;,&quot;jet_parallax_layout_on&quot;:[&quot;desktop&quot;,&quot;tablet&quot;]}],&quot;background_background&quot;:&quot;classic&quot;}\">\n\t\t\t\t\t\t\t<div class=\"elementor-background-overlay\"><\/div>\n\t\t\t\t\t\t\t<div class=\"elementor-container elementor-column-gap-default\">\n\t\t\t\t\t<div class=\"elementor-column elementor-col-100 elementor-top-column elementor-element elementor-element-9aaa6b0\" data-id=\"9aaa6b0\" data-element_type=\"column\" data-settings=\"{&quot;background_background&quot;:&quot;classic&quot;}\">\n\t\t\t<div class=\"elementor-widget-wrap elementor-element-populated\">\n\t\t\t\t\t\t<div class=\"elementor-element elementor-element-b8f7de8 elementor-widget elementor-widget-heading\" data-id=\"b8f7de8\" data-element_type=\"widget\" data-widget_type=\"heading.default\">\n\t\t\t\t<div class=\"elementor-widget-container\">\n\t\t\t\t\t<h1 class=\"elementor-heading-title elementor-size-default\">News<\/h1>\t\t\t\t<\/div>\n\t\t\t\t<\/div>\n\t\t\t\t\t<\/div>\n\t\t<\/div>\n\t\t\t\t\t<\/div>\n\t\t<\/section>\n\t\t\t\t<section class=\"elementor-section elementor-top-section elementor-element elementor-element-dc82c49 pv100 elementor-section-boxed elementor-section-height-default elementor-section-height-default\" data-id=\"dc82c49\" data-element_type=\"section\" data-settings=\"{&quot;jet_parallax_layout_list&quot;:[{&quot;jet_parallax_layout_image&quot;:{&quot;url&quot;:&quot;&quot;,&quot;id&quot;:&quot;&quot;,&quot;size&quot;:&quot;&quot;},&quot;_id&quot;:&quot;952353c&quot;,&quot;jet_parallax_layout_image_tablet&quot;:{&quot;url&quot;:&quot;&quot;,&quot;id&quot;:&quot;&quot;,&quot;size&quot;:&quot;&quot;},&quot;jet_parallax_layout_image_mobile&quot;:{&quot;url&quot;:&quot;&quot;,&quot;id&quot;:&quot;&quot;,&quot;size&quot;:&quot;&quot;},&quot;jet_parallax_layout_speed&quot;:{&quot;unit&quot;:&quot;%&quot;,&quot;size&quot;:50,&quot;sizes&quot;:[]},&quot;jet_parallax_layout_type&quot;:&quot;scroll&quot;,&quot;jet_parallax_layout_direction&quot;:null,&quot;jet_parallax_layout_fx_direction&quot;:null,&quot;jet_parallax_layout_z_index&quot;:&quot;&quot;,&quot;jet_parallax_layout_bg_x&quot;:50,&quot;jet_parallax_layout_bg_x_tablet&quot;:&quot;&quot;,&quot;jet_parallax_layout_bg_x_mobile&quot;:&quot;&quot;,&quot;jet_parallax_layout_bg_y&quot;:50,&quot;jet_parallax_layout_bg_y_tablet&quot;:&quot;&quot;,&quot;jet_parallax_layout_bg_y_mobile&quot;:&quot;&quot;,&quot;jet_parallax_layout_bg_size&quot;:&quot;auto&quot;,&quot;jet_parallax_layout_bg_size_tablet&quot;:&quot;&quot;,&quot;jet_parallax_layout_bg_size_mobile&quot;:&quot;&quot;,&quot;jet_parallax_layout_animation_prop&quot;:&quot;transform&quot;,&quot;jet_parallax_layout_on&quot;:[&quot;desktop&quot;,&quot;tablet&quot;]}]}\">\n\t\t\t\t\t\t<div class=\"elementor-container elementor-column-gap-default\">\n\t\t\t\t\t<div class=\"elementor-column elementor-col-100 elementor-top-column elementor-element elementor-element-632f8c5\" data-id=\"632f8c5\" data-element_type=\"column\">\n\t\t\t<div class=\"elementor-widget-wrap elementor-element-populated\">\n\t\t\t\t\t\t<div class=\"elementor-element elementor-element-e35d789 posts-infos archive elementor-widget elementor-widget-raven-posts\" data-id=\"e35d789\" data-element_type=\"widget\" data-settings=\"{&quot;query_posts_per_page&quot;:12,&quot;classic_show_pagination&quot;:&quot;yes&quot;,&quot;_skin&quot;:&quot;classic&quot;,&quot;classic_layout&quot;:&quot;grid&quot;,&quot;classic_columns&quot;:&quot;3&quot;,&quot;classic_columns_tablet&quot;:&quot;2&quot;,&quot;classic_columns_mobile&quot;:&quot;1&quot;,&quot;classic_pagination_type&quot;:&quot;page_based&quot;,&quot;query_offset&quot;:0}\" data-widget_type=\"raven-posts.classic\">\n\t\t\t\t<div class=\"elementor-widget-container\">\n\t\t\t\t\t\t\t<div class=\"raven-posts raven-grid raven-grid-3 raven-grid-mobile-1 raven-grid-tablet-2\" data-post-id=\"1945\" data-archive-query=\"\" data-lang=\"\">\r\n\t\t\t\t<div class=\"raven-grid-item raven-post-item post-5693 post type-post status-publish format-standard has-post-thumbnail hentry category-news\">\r\n\t\t\t<div class=\"raven-post\">\r\n\t\t\t\t\t\t<div class=\"raven-post-image-wrap\">\r\n\t\t\t<a class=\"raven-post-image raven-image-fit\" href=\"https:\/\/www.cppisrq.ca\/en\/publication-of-the-decree-amending-the-decree-on-personnel-in-the-quebec-road-sign-industry-on-2025-08-27\/\"><img decoding=\"async\" width=\"220\" height=\"220\" src=\"https:\/\/www.cppisrq.ca\/wp-content\/uploads\/2024\/02\/Panneau-T-60.png\" class=\"attachment-full size-full wp-image-5438\" alt=\"\" srcset=\"https:\/\/www.cppisrq.ca\/wp-content\/uploads\/2024\/02\/Panneau-T-60.png 220w, https:\/\/www.cppisrq.ca\/wp-content\/uploads\/2024\/02\/Panneau-T-60-150x150.png 150w, https:\/\/www.cppisrq.ca\/wp-content\/uploads\/2024\/02\/Panneau-T-60-100x100.png 100w\" sizes=\"(max-width: 220px) 100vw, 220px\" \/> <span class=\"raven-post-image-overlay\"><\/span><\/a>\t\t<\/div>\r\n\t\t\t\t\t\t<div class=\"raven-post-content\">\r\n\t\t\t\t\t<h2 class=\"raven-post-title\"><a class=\"raven-post-title-link\" href=\"https:\/\/www.cppisrq.ca\/en\/publication-of-the-decree-amending-the-decree-on-personnel-in-the-quebec-road-sign-industry-on-2025-08-27\/\">Publication of the Decree amending the Decree on personnel in the Quebec road sign industry on 2025-08-27<\/a><\/h2><div class=\"raven-post-excerpt\">Replacement of Articles 44 to 48: RRSP. https:\/\/www.publicationsduquebec.gouv.qc.ca\/fileadmin\/gazette\/pdf_encrypte\/lois_reglements\/2025F\/86277.pdf For questions regarding the Quebec Workers&#8217; Solidarity Fund (FTQ) and membership forms, please contact the FTQ: https:\/\/www.fondsftq.com\/<\/div>\t\t<div class=\"raven-post-read-more\">\r\n\t\t\t<a class=\"raven-post-button\" href=\"https:\/\/www.cppisrq.ca\/en\/publication-of-the-decree-amending-the-decree-on-personnel-in-the-quebec-road-sign-industry-on-2025-08-27\/\"><span class=\"raven-post-button-text\">READ MORE<\/span><\/a>\r\n\t\t<\/div>\r\n\t\t\t\t\t\t<\/div>\r\n\t\t\t<\/div>\r\n\t\t<\/div>\r\n\t\t\t\t<div class=\"raven-grid-item raven-post-item post-5450 post type-post status-publish format-standard has-post-thumbnail hentry category-news\">\r\n\t\t\t<div class=\"raven-post\">\r\n\t\t\t\t\t\t<div class=\"raven-post-image-wrap\">\r\n\t\t\t<a class=\"raven-post-image raven-image-fit\" href=\"https:\/\/www.cppisrq.ca\/en\/publication-du-decret-modifiant-le-decret-sur-le-personnel-de-lindustrie-de-la-signalisation-routiere-du-quebec-le-2024-02-28\/\"><img decoding=\"async\" width=\"220\" height=\"220\" src=\"https:\/\/www.cppisrq.ca\/wp-content\/uploads\/2024\/02\/Panneau-T-60.png\" class=\"attachment-full size-full wp-image-5438\" alt=\"\" srcset=\"https:\/\/www.cppisrq.ca\/wp-content\/uploads\/2024\/02\/Panneau-T-60.png 220w, https:\/\/www.cppisrq.ca\/wp-content\/uploads\/2024\/02\/Panneau-T-60-150x150.png 150w, https:\/\/www.cppisrq.ca\/wp-content\/uploads\/2024\/02\/Panneau-T-60-100x100.png 100w\" sizes=\"(max-width: 220px) 100vw, 220px\" \/> <span class=\"raven-post-image-overlay\"><\/span><\/a>\t\t<\/div>\r\n\t\t\t\t\t\t<div class=\"raven-post-content\">\r\n\t\t\t\t\t<h2 class=\"raven-post-title\"><a class=\"raven-post-title-link\" href=\"https:\/\/www.cppisrq.ca\/en\/publication-du-decret-modifiant-le-decret-sur-le-personnel-de-lindustrie-de-la-signalisation-routiere-du-quebec-le-2024-02-28\/\">Publication of the Decree amending the Decree respecting personnel in the road sign industry of Quebec on 2024-02-28<\/a><\/h2><div class=\"raven-post-excerpt\">Increase in the minimum hourly wage to $23.00, effective February 28, 2024.<\/div>\t\t<div class=\"raven-post-read-more\">\r\n\t\t\t<a class=\"raven-post-button\" href=\"https:\/\/www.cppisrq.ca\/en\/publication-du-decret-modifiant-le-decret-sur-le-personnel-de-lindustrie-de-la-signalisation-routiere-du-quebec-le-2024-02-28\/\"><span class=\"raven-post-button-text\">READ MORE<\/span><\/a>\r\n\t\t<\/div>\r\n\t\t\t\t\t\t<\/div>\r\n\t\t\t<\/div>\r\n\t\t<\/div>\r\n\t\t\t\t<div class=\"raven-grid-item raven-post-item post-4370 post type-post status-publish format-standard has-post-thumbnail hentry category-news\">\r\n\t\t\t<div class=\"raven-post\">\r\n\t\t\t\t\t\t<div class=\"raven-post-image-wrap\">\r\n\t\t\t<a class=\"raven-post-image raven-image-fit\" href=\"https:\/\/www.cppisrq.ca\/en\/publication-of-the-decree-respecting-personnel-in-the-traffic-control-industry-in-quebec-in-force-since-2023-02-24\/\"><img fetchpriority=\"high\" decoding=\"async\" width=\"1920\" height=\"1920\" src=\"https:\/\/www.cppisrq.ca\/wp-content\/uploads\/2022\/03\/ZPP50_generated.jpg\" class=\"attachment-full size-full wp-image-4046\" alt=\"\" srcset=\"https:\/\/www.cppisrq.ca\/wp-content\/uploads\/2022\/03\/ZPP50_generated.jpg 1920w, https:\/\/www.cppisrq.ca\/wp-content\/uploads\/2022\/03\/ZPP50_generated-300x300.jpg 300w, https:\/\/www.cppisrq.ca\/wp-content\/uploads\/2022\/03\/ZPP50_generated-100x100.jpg 100w, https:\/\/www.cppisrq.ca\/wp-content\/uploads\/2022\/03\/ZPP50_generated-600x600.jpg 600w, https:\/\/www.cppisrq.ca\/wp-content\/uploads\/2022\/03\/ZPP50_generated-1024x1024.jpg 1024w, https:\/\/www.cppisrq.ca\/wp-content\/uploads\/2022\/03\/ZPP50_generated-150x150.jpg 150w, https:\/\/www.cppisrq.ca\/wp-content\/uploads\/2022\/03\/ZPP50_generated-768x768.jpg 768w, https:\/\/www.cppisrq.ca\/wp-content\/uploads\/2022\/03\/ZPP50_generated-1536x1536.jpg 1536w, https:\/\/www.cppisrq.ca\/wp-content\/uploads\/2022\/03\/ZPP50_generated-500x500.jpg 500w\" sizes=\"(max-width: 1920px) 100vw, 1920px\" \/> <span class=\"raven-post-image-overlay\"><\/span><\/a>\t\t<\/div>\r\n\t\t\t\t\t\t<div class=\"raven-post-content\">\r\n\t\t\t\t\t<h2 class=\"raven-post-title\"><a class=\"raven-post-title-link\" href=\"https:\/\/www.cppisrq.ca\/en\/publication-of-the-decree-respecting-personnel-in-the-traffic-control-industry-in-quebec-in-force-since-2023-02-24\/\">PUBLICATION OF THE DECREE RESPECTING PERSONNEL IN THE TRAFFIC CONTROL INDUSTRY IN QUEBEC: IN FORCE SINCE 2023-02-24<\/a><\/h2><div class=\"raven-post-excerpt\">The Decree respecting personnel in the traffic control industry of Quebec was published in the Gazette officielle du Qu\u00e9bec of August 24,2022.\n\nThis decree is in force since February 24, 2023.<\/div>\t\t<div class=\"raven-post-read-more\">\r\n\t\t\t<a class=\"raven-post-button\" href=\"https:\/\/www.cppisrq.ca\/en\/publication-of-the-decree-respecting-personnel-in-the-traffic-control-industry-in-quebec-in-force-since-2023-02-24\/\"><span class=\"raven-post-button-text\">READ MORE<\/span><\/a>\r\n\t\t<\/div>\r\n\t\t\t\t\t\t<\/div>\r\n\t\t\t<\/div>\r\n\t\t<\/div>\r\n\t\t\t\t<div class=\"raven-grid-item raven-post-item post-4426 post type-post status-publish format-standard has-post-thumbnail hentry category-news\">\r\n\t\t\t<div class=\"raven-post\">\r\n\t\t\t\t\t\t<div class=\"raven-post-image-wrap\">\r\n\t\t\t<a class=\"raven-post-image raven-image-fit\" href=\"https:\/\/www.cppisrq.ca\/en\/publication-of-the-regulation-of-the-comite-paritaire-du-personnel-de-lindustrie-de-la-signalisation-routiere-du-quebec\/\"><img fetchpriority=\"high\" decoding=\"async\" width=\"1920\" height=\"1920\" src=\"https:\/\/www.cppisrq.ca\/wp-content\/uploads\/2022\/03\/ZPP50_generated.jpg\" class=\"attachment-full size-full wp-image-4046\" alt=\"\" srcset=\"https:\/\/www.cppisrq.ca\/wp-content\/uploads\/2022\/03\/ZPP50_generated.jpg 1920w, https:\/\/www.cppisrq.ca\/wp-content\/uploads\/2022\/03\/ZPP50_generated-300x300.jpg 300w, https:\/\/www.cppisrq.ca\/wp-content\/uploads\/2022\/03\/ZPP50_generated-100x100.jpg 100w, https:\/\/www.cppisrq.ca\/wp-content\/uploads\/2022\/03\/ZPP50_generated-600x600.jpg 600w, https:\/\/www.cppisrq.ca\/wp-content\/uploads\/2022\/03\/ZPP50_generated-1024x1024.jpg 1024w, https:\/\/www.cppisrq.ca\/wp-content\/uploads\/2022\/03\/ZPP50_generated-150x150.jpg 150w, https:\/\/www.cppisrq.ca\/wp-content\/uploads\/2022\/03\/ZPP50_generated-768x768.jpg 768w, https:\/\/www.cppisrq.ca\/wp-content\/uploads\/2022\/03\/ZPP50_generated-1536x1536.jpg 1536w, https:\/\/www.cppisrq.ca\/wp-content\/uploads\/2022\/03\/ZPP50_generated-500x500.jpg 500w\" sizes=\"(max-width: 1920px) 100vw, 1920px\" \/> <span class=\"raven-post-image-overlay\"><\/span><\/a>\t\t<\/div>\r\n\t\t\t\t\t\t<div class=\"raven-post-content\">\r\n\t\t\t\t\t<h2 class=\"raven-post-title\"><a class=\"raven-post-title-link\" href=\"https:\/\/www.cppisrq.ca\/en\/publication-of-the-regulation-of-the-comite-paritaire-du-personnel-de-lindustrie-de-la-signalisation-routiere-du-quebec\/\">Publication of the regulation of the Comit\u00e9 paritaire du personnel de l\u2019industrie de la signalisation routi\u00e8re du Qu\u00e9bec<\/a><\/h2><div class=\"raven-post-excerpt\">Following the publication of the draft regulation on November 9, 2022 and the public consultation period, the Regulation of the Comit\u00e9 paritaire du personnel de l'industrie de la signalisation routi\u00e8re du Qu\u00e9bec relating to the Keeping of a registration system, the monthly report and the levy has been published on February 8, 2023.<\/div>\t\t<div class=\"raven-post-read-more\">\r\n\t\t\t<a class=\"raven-post-button\" href=\"https:\/\/www.cppisrq.ca\/en\/publication-of-the-regulation-of-the-comite-paritaire-du-personnel-de-lindustrie-de-la-signalisation-routiere-du-quebec\/\"><span class=\"raven-post-button-text\">READ MORE<\/span><\/a>\r\n\t\t<\/div>\r\n\t\t\t\t\t\t<\/div>\r\n\t\t\t<\/div>\r\n\t\t<\/div>\r\n\t\t\t\t<div class=\"raven-grid-item raven-post-item post-3978 post type-post status-publish format-standard has-post-thumbnail hentry category-news\">\r\n\t\t\t<div class=\"raven-post\">\r\n\t\t\t\t\t\t<div class=\"raven-post-image-wrap\">\r\n\t\t\t<a class=\"raven-post-image raven-image-fit\" href=\"https:\/\/www.cppisrq.ca\/en\/publication-of-an-amendment-to-the-decree\/\"><img decoding=\"async\" width=\"488\" height=\"540\" src=\"https:\/\/www.cppisrq.ca\/wp-content\/uploads\/2021\/07\/decret-header-en.jpg\" class=\"attachment-full size-full wp-image-3053\" alt=\"\" srcset=\"https:\/\/www.cppisrq.ca\/wp-content\/uploads\/2021\/07\/decret-header-en.jpg 488w, https:\/\/www.cppisrq.ca\/wp-content\/uploads\/2021\/07\/decret-header-en-271x300.jpg 271w\" sizes=\"(max-width: 488px) 100vw, 488px\" \/> <span class=\"raven-post-image-overlay\"><\/span><\/a>\t\t<\/div>\r\n\t\t\t\t\t\t<div class=\"raven-post-content\">\r\n\t\t\t\t\t<h2 class=\"raven-post-title\"><a class=\"raven-post-title-link\" href=\"https:\/\/www.cppisrq.ca\/en\/publication-of-an-amendment-to-the-decree\/\">PUBLICATION OF AN AMENDMENT TO THE DECREE<\/a><\/h2><div class=\"raven-post-excerpt\">An amendment to the Decree respecting security guards was published in the Gazette officielle du Qu\u00e9bec of March 16, 2022. \n\nThis publication follows the notice of amendment published on September 1, 2021.<\/div>\t\t<div class=\"raven-post-read-more\">\r\n\t\t\t<a class=\"raven-post-button\" href=\"https:\/\/www.cppisrq.ca\/en\/publication-of-an-amendment-to-the-decree\/\"><span class=\"raven-post-button-text\">READ MORE<\/span><\/a>\r\n\t\t<\/div>\r\n\t\t\t\t\t\t<\/div>\r\n\t\t\t<\/div>\r\n\t\t<\/div>\r\n\t\t\t\t<\/div>\r\n\t\t\t\t\t\t<\/div>\n\t\t\t\t<\/div>\n\t\t\t\t\t<\/div>\n\t\t<\/div>\n\t\t\t\t\t<\/div>\n\t\t<\/section>\n\t\t\t\t<\/div>\n\t\t","protected":false},"excerpt":{"rendered":"<p>News PUBLICATION DU D\u00c9CRET SUR LE PERSONNEL DE L\u2019INDUSTRIE DE LA SIGNALISATION ROUTI\u00c8RE DU QU\u00c9BEC : EN VIGUEUR DEPUIS LE 2023-02-24 Le D\u00e9cret sur le personnel de l\u2019industrie de la signalisation routi\u00e8re du Qu\u00e9bec a \u00e9t\u00e9 publi\u00e9 dans la Gazette officielle du Qu\u00e9bec, \u00e9dition du 24 ao\u00fbt 2022. Ce d\u00e9cret est READ MORE Publication du [&hellip;]<\/p>\n","protected":false},"author":13,"featured_media":0,"parent":0,"menu_order":0,"comment_status":"closed","ping_status":"closed","template":"elementor_header_footer","meta":{"_acf_changed":false,"footnotes":""},"class_list":["post-1945","page","type-page","status-publish","hentry"],"acf":[],"yoast_head":"<!-- This site is optimized with the Yoast SEO plugin v24.7 - https:\/\/yoast.com\/wordpress\/plugins\/seo\/ -->\n<title>News - Comit\u00e9 Paritaire des Agents de S\u00e9curit\u00e9<\/title>\n<meta name=\"robots\" content=\"index, follow, max-snippet:-1, max-image-preview:large, max-video-preview:-1\" \/>\n<link rel=\"canonical\" href=\"https:\/\/cppisrq.ca\/en\/news\/\" \/>\n<meta property=\"og:locale\" content=\"en_US\" \/>\n<meta property=\"og:type\" content=\"article\" \/>\n<meta property=\"og:title\" content=\"News - Comit\u00e9 Paritaire des Agents de S\u00e9curit\u00e9\" \/>\n<meta property=\"og:description\" content=\"News PUBLICATION DU D\u00c9CRET SUR LE PERSONNEL DE L\u2019INDUSTRIE DE LA SIGNALISATION ROUTI\u00c8RE DU QU\u00c9BEC : EN VIGUEUR DEPUIS LE 2023-02-24 Le D\u00e9cret sur le personnel de l\u2019industrie de la signalisation routi\u00e8re du Qu\u00e9bec a \u00e9t\u00e9 publi\u00e9 dans la Gazette officielle du Qu\u00e9bec, \u00e9dition du 24 ao\u00fbt 2022. Ce d\u00e9cret est READ MORE Publication du [&hellip;]\" \/>\n<meta property=\"og:url\" content=\"https:\/\/cppisrq.ca\/en\/news\/\" \/>\n<meta property=\"og:site_name\" content=\"Comit\u00e9 Paritaire des Agents de S\u00e9curit\u00e9\" \/>\n<meta property=\"article:modified_time\" content=\"2024-01-08T14:30:21+00:00\" \/>\n<meta property=\"og:image\" content=\"https:\/\/cppisrq.ca\/wp-content\/uploads\/2022\/03\/ZPP50_generated.jpg\" \/>\n<meta name=\"twitter:card\" content=\"summary_large_image\" \/>\n<meta name=\"twitter:label1\" content=\"Est. reading time\" \/>\n\t<meta name=\"twitter:data1\" content=\"2 minutes\" \/>\n<script type=\"application\/ld+json\" class=\"yoast-schema-graph\">{\"@context\":\"https:\/\/schema.org\",\"@graph\":[{\"@type\":\"WebPage\",\"@id\":\"https:\/\/cppisrq.ca\/en\/news\/\",\"url\":\"https:\/\/cppisrq.ca\/en\/news\/\",\"name\":\"News - Comit\u00e9 Paritaire des Agents de S\u00e9curit\u00e9\",\"isPartOf\":{\"@id\":\"https:\/\/cppisrq.ca\/#website\"},\"primaryImageOfPage\":{\"@id\":\"https:\/\/cppisrq.ca\/en\/news\/#primaryimage\"},\"image\":{\"@id\":\"https:\/\/cppisrq.ca\/en\/news\/#primaryimage\"},\"thumbnailUrl\":\"https:\/\/cppisrq.ca\/wp-content\/uploads\/2022\/03\/ZPP50_generated.jpg\",\"datePublished\":\"2020-12-08T17:31:29+00:00\",\"dateModified\":\"2024-01-08T14:30:21+00:00\",\"breadcrumb\":{\"@id\":\"https:\/\/cppisrq.ca\/en\/news\/#breadcrumb\"},\"inLanguage\":\"en-CA\",\"potentialAction\":[{\"@type\":\"ReadAction\",\"target\":[\"https:\/\/cppisrq.ca\/en\/news\/\"]}]},{\"@type\":\"ImageObject\",\"inLanguage\":\"en-CA\",\"@id\":\"https:\/\/cppisrq.ca\/en\/news\/#primaryimage\",\"url\":\"https:\/\/cppisrq.ca\/wp-content\/uploads\/2022\/03\/ZPP50_generated.jpg\",\"contentUrl\":\"https:\/\/cppisrq.ca\/wp-content\/uploads\/2022\/03\/ZPP50_generated.jpg\"},{\"@type\":\"BreadcrumbList\",\"@id\":\"https:\/\/cppisrq.ca\/en\/news\/#breadcrumb\",\"itemListElement\":[{\"@type\":\"ListItem\",\"position\":1,\"name\":\"Accueil\",\"item\":\"https:\/\/cppisrq.ca\/\"},{\"@type\":\"ListItem\",\"position\":2,\"name\":\"News\"}]},{\"@type\":\"WebSite\",\"@id\":\"https:\/\/cppisrq.ca\/#website\",\"url\":\"https:\/\/cppisrq.ca\/\",\"name\":\"Comit\u00e9 Paritaire des Agents de S\u00e9curit\u00e9\",\"description\":\"\",\"potentialAction\":[{\"@type\":\"SearchAction\",\"target\":{\"@type\":\"EntryPoint\",\"urlTemplate\":\"https:\/\/cppisrq.ca\/?s={search_term_string}\"},\"query-input\":{\"@type\":\"PropertyValueSpecification\",\"valueRequired\":true,\"valueName\":\"search_term_string\"}}],\"inLanguage\":\"en-CA\"}]}<\/script>\n<!-- \/ Yoast SEO plugin. -->","yoast_head_json":{"title":"News - Comit\u00e9 Paritaire des Agents de S\u00e9curit\u00e9","robots":{"index":"index","follow":"follow","max-snippet":"max-snippet:-1","max-image-preview":"max-image-preview:large","max-video-preview":"max-video-preview:-1"},"canonical":"https:\/\/cppisrq.ca\/en\/news\/","og_locale":"en_US","og_type":"article","og_title":"News - Comit\u00e9 Paritaire des Agents de S\u00e9curit\u00e9","og_description":"News PUBLICATION DU D\u00c9CRET SUR LE PERSONNEL DE L\u2019INDUSTRIE DE LA SIGNALISATION ROUTI\u00c8RE DU QU\u00c9BEC : EN VIGUEUR DEPUIS LE 2023-02-24 Le D\u00e9cret sur le personnel de l\u2019industrie de la signalisation routi\u00e8re du Qu\u00e9bec a \u00e9t\u00e9 publi\u00e9 dans la Gazette officielle du Qu\u00e9bec, \u00e9dition du 24 ao\u00fbt 2022. Ce d\u00e9cret est READ MORE Publication du [&hellip;]","og_url":"https:\/\/cppisrq.ca\/en\/news\/","og_site_name":"Comit\u00e9 Paritaire des Agents de S\u00e9curit\u00e9","article_modified_time":"2024-01-08T14:30:21+00:00","og_image":[{"url":"https:\/\/cppisrq.ca\/wp-content\/uploads\/2022\/03\/ZPP50_generated.jpg","type":"","width":"","height":""}],"twitter_card":"summary_large_image","twitter_misc":{"Est. reading time":"2 minutes"},"schema":{"@context":"https:\/\/schema.org","@graph":[{"@type":"WebPage","@id":"https:\/\/cppisrq.ca\/en\/news\/","url":"https:\/\/cppisrq.ca\/en\/news\/","name":"News - Comit\u00e9 Paritaire des Agents de S\u00e9curit\u00e9","isPartOf":{"@id":"https:\/\/cppisrq.ca\/#website"},"primaryImageOfPage":{"@id":"https:\/\/cppisrq.ca\/en\/news\/#primaryimage"},"image":{"@id":"https:\/\/cppisrq.ca\/en\/news\/#primaryimage"},"thumbnailUrl":"https:\/\/cppisrq.ca\/wp-content\/uploads\/2022\/03\/ZPP50_generated.jpg","datePublished":"2020-12-08T17:31:29+00:00","dateModified":"2024-01-08T14:30:21+00:00","breadcrumb":{"@id":"https:\/\/cppisrq.ca\/en\/news\/#breadcrumb"},"inLanguage":"en-CA","potentialAction":[{"@type":"ReadAction","target":["https:\/\/cppisrq.ca\/en\/news\/"]}]},{"@type":"ImageObject","inLanguage":"en-CA","@id":"https:\/\/cppisrq.ca\/en\/news\/#primaryimage","url":"https:\/\/cppisrq.ca\/wp-content\/uploads\/2022\/03\/ZPP50_generated.jpg","contentUrl":"https:\/\/cppisrq.ca\/wp-content\/uploads\/2022\/03\/ZPP50_generated.jpg"},{"@type":"BreadcrumbList","@id":"https:\/\/cppisrq.ca\/en\/news\/#breadcrumb","itemListElement":[{"@type":"ListItem","position":1,"name":"Accueil","item":"https:\/\/cppisrq.ca\/"},{"@type":"ListItem","position":2,"name":"News"}]},{"@type":"WebSite","@id":"https:\/\/cppisrq.ca\/#website","url":"https:\/\/cppisrq.ca\/","name":"Comit\u00e9 Paritaire des Agents de S\u00e9curit\u00e9","description":"","potentialAction":[{"@type":"SearchAction","target":{"@type":"EntryPoint","urlTemplate":"https:\/\/cppisrq.ca\/?s={search_term_string}"},"query-input":{"@type":"PropertyValueSpecification","valueRequired":true,"valueName":"search_term_string"}}],"inLanguage":"en-CA"}]}},"_links":{"self":[{"href":"https:\/\/www.cppisrq.ca\/en\/wp-json\/wp\/v2\/pages\/1945","targetHints":{"allow":["GET"]}}],"collection":[{"href":"https:\/\/www.cppisrq.ca\/en\/wp-json\/wp\/v2\/pages"}],"about":[{"href":"https:\/\/www.cppisrq.ca\/en\/wp-json\/wp\/v2\/types\/page"}],"author":[{"embeddable":true,"href":"https:\/\/www.cppisrq.ca\/en\/wp-json\/wp\/v2\/users\/13"}],"replies":[{"embeddable":true,"href":"https:\/\/www.cppisrq.ca\/en\/wp-json\/wp\/v2\/comments?post=1945"}],"version-history":[{"count":0,"href":"https:\/\/www.cppisrq.ca\/en\/wp-json\/wp\/v2\/pages\/1945\/revisions"}],"wp:attachment":[{"href":"https:\/\/www.cppisrq.ca\/en\/wp-json\/wp\/v2\/media?parent=1945"}],"curies":[{"name":"wp","href":"https:\/\/api.w.org\/{rel}","templated":true}]}}