{"id":1948,"date":"2020-12-08T17:31:41","date_gmt":"2020-12-08T17:31:41","guid":{"rendered":"https:\/\/cppisrq.ca\/le-saviez-vous\/"},"modified":"2024-01-08T09:31:29","modified_gmt":"2024-01-08T14:31:29","slug":"did-you-know","status":"publish","type":"page","link":"https:\/\/www.cppisrq.ca\/en\/did-you-know\/","title":{"rendered":"Did you know?"},"content":{"rendered":"\t\t<div data-elementor-type=\"wp-page\" data-elementor-id=\"1948\" class=\"elementor elementor-1948 elementor-348\" data-elementor-post-type=\"page\">\n\t\t\t\t\t\t<section class=\"elementor-section elementor-top-section elementor-element elementor-element-d19bd16 elementor-section-full_width pv200 section-head elementor-section-height-default elementor-section-height-default\" data-id=\"d19bd16\" data-element_type=\"section\" data-settings=\"{&quot;jet_parallax_layout_list&quot;:[{&quot;jet_parallax_layout_image&quot;:{&quot;url&quot;:&quot;&quot;,&quot;id&quot;:&quot;&quot;,&quot;size&quot;:&quot;&quot;},&quot;_id&quot;:&quot;553a39c&quot;,&quot;jet_parallax_layout_image_tablet&quot;:{&quot;url&quot;:&quot;&quot;,&quot;id&quot;:&quot;&quot;,&quot;size&quot;:&quot;&quot;},&quot;jet_parallax_layout_image_mobile&quot;:{&quot;url&quot;:&quot;&quot;,&quot;id&quot;:&quot;&quot;,&quot;size&quot;:&quot;&quot;},&quot;jet_parallax_layout_speed&quot;:{&quot;unit&quot;:&quot;%&quot;,&quot;size&quot;:50,&quot;sizes&quot;:[]},&quot;jet_parallax_layout_type&quot;:&quot;scroll&quot;,&quot;jet_parallax_layout_direction&quot;:null,&quot;jet_parallax_layout_fx_direction&quot;:null,&quot;jet_parallax_layout_z_index&quot;:&quot;&quot;,&quot;jet_parallax_layout_bg_x&quot;:50,&quot;jet_parallax_layout_bg_x_tablet&quot;:&quot;&quot;,&quot;jet_parallax_layout_bg_x_mobile&quot;:&quot;&quot;,&quot;jet_parallax_layout_bg_y&quot;:50,&quot;jet_parallax_layout_bg_y_tablet&quot;:&quot;&quot;,&quot;jet_parallax_layout_bg_y_mobile&quot;:&quot;&quot;,&quot;jet_parallax_layout_bg_size&quot;:&quot;auto&quot;,&quot;jet_parallax_layout_bg_size_tablet&quot;:&quot;&quot;,&quot;jet_parallax_layout_bg_size_mobile&quot;:&quot;&quot;,&quot;jet_parallax_layout_animation_prop&quot;:&quot;transform&quot;,&quot;jet_parallax_layout_on&quot;:[&quot;desktop&quot;,&quot;tablet&quot;]}],&quot;background_background&quot;:&quot;classic&quot;}\">\n\t\t\t\t\t\t\t<div class=\"elementor-background-overlay\"><\/div>\n\t\t\t\t\t\t\t<div class=\"elementor-container elementor-column-gap-default\">\n\t\t\t\t\t<div class=\"elementor-column elementor-col-100 elementor-top-column elementor-element elementor-element-f6beace\" data-id=\"f6beace\" data-element_type=\"column\">\n\t\t\t<div class=\"elementor-widget-wrap elementor-element-populated\">\n\t\t\t\t\t\t<div class=\"elementor-element elementor-element-97a8016 elementor-widget elementor-widget-heading\" data-id=\"97a8016\" data-element_type=\"widget\" data-widget_type=\"heading.default\">\n\t\t\t\t<div class=\"elementor-widget-container\">\n\t\t\t\t\t<h1 class=\"elementor-heading-title elementor-size-default\">Did you know?<\/h1>\t\t\t\t<\/div>\n\t\t\t\t<\/div>\n\t\t\t\t\t<\/div>\n\t\t<\/div>\n\t\t\t\t\t<\/div>\n\t\t<\/section>\n\t\t\t\t<section class=\"elementor-section elementor-top-section elementor-element elementor-element-f5f13d6 pv100 elementor-section-boxed elementor-section-height-default elementor-section-height-default\" data-id=\"f5f13d6\" data-element_type=\"section\" data-settings=\"{&quot;jet_parallax_layout_list&quot;:[{&quot;jet_parallax_layout_image&quot;:{&quot;url&quot;:&quot;&quot;,&quot;id&quot;:&quot;&quot;,&quot;size&quot;:&quot;&quot;},&quot;_id&quot;:&quot;7300768&quot;,&quot;jet_parallax_layout_image_tablet&quot;:{&quot;url&quot;:&quot;&quot;,&quot;id&quot;:&quot;&quot;,&quot;size&quot;:&quot;&quot;},&quot;jet_parallax_layout_image_mobile&quot;:{&quot;url&quot;:&quot;&quot;,&quot;id&quot;:&quot;&quot;,&quot;size&quot;:&quot;&quot;},&quot;jet_parallax_layout_speed&quot;:{&quot;unit&quot;:&quot;%&quot;,&quot;size&quot;:50,&quot;sizes&quot;:[]},&quot;jet_parallax_layout_type&quot;:&quot;scroll&quot;,&quot;jet_parallax_layout_direction&quot;:null,&quot;jet_parallax_layout_fx_direction&quot;:null,&quot;jet_parallax_layout_z_index&quot;:&quot;&quot;,&quot;jet_parallax_layout_bg_x&quot;:50,&quot;jet_parallax_layout_bg_x_tablet&quot;:&quot;&quot;,&quot;jet_parallax_layout_bg_x_mobile&quot;:&quot;&quot;,&quot;jet_parallax_layout_bg_y&quot;:50,&quot;jet_parallax_layout_bg_y_tablet&quot;:&quot;&quot;,&quot;jet_parallax_layout_bg_y_mobile&quot;:&quot;&quot;,&quot;jet_parallax_layout_bg_size&quot;:&quot;auto&quot;,&quot;jet_parallax_layout_bg_size_tablet&quot;:&quot;&quot;,&quot;jet_parallax_layout_bg_size_mobile&quot;:&quot;&quot;,&quot;jet_parallax_layout_animation_prop&quot;:&quot;transform&quot;,&quot;jet_parallax_layout_on&quot;:[&quot;desktop&quot;,&quot;tablet&quot;]}]}\">\n\t\t\t\t\t\t<div class=\"elementor-container elementor-column-gap-default\">\n\t\t\t\t\t<div class=\"elementor-column elementor-col-100 elementor-top-column elementor-element elementor-element-aff3ba5\" data-id=\"aff3ba5\" data-element_type=\"column\">\n\t\t\t<div class=\"elementor-widget-wrap elementor-element-populated\">\n\t\t\t\t\t\t<div class=\"elementor-element elementor-element-0acd592 posts-infos archive elementor-widget elementor-widget-raven-posts\" data-id=\"0acd592\" data-element_type=\"widget\" data-settings=\"{&quot;query_posts_per_page&quot;:12,&quot;classic_show_pagination&quot;:&quot;yes&quot;,&quot;_skin&quot;:&quot;classic&quot;,&quot;classic_layout&quot;:&quot;grid&quot;,&quot;classic_columns&quot;:&quot;3&quot;,&quot;classic_columns_tablet&quot;:&quot;2&quot;,&quot;classic_columns_mobile&quot;:&quot;1&quot;,&quot;classic_pagination_type&quot;:&quot;page_based&quot;,&quot;query_offset&quot;:0}\" data-widget_type=\"raven-posts.classic\">\n\t\t\t\t<div class=\"elementor-widget-container\">\n\t\t\t\t\t\t\t<div class=\"raven-posts raven-grid raven-grid-3 raven-grid-mobile-1 raven-grid-tablet-2\" data-post-id=\"1948\" data-archive-query=\"\" data-lang=\"\">\r\n\t\t\t\t<div class=\"raven-grid-item raven-post-item post-4616 post type-post status-publish format-standard has-post-thumbnail hentry category-did-you-know\">\r\n\t\t\t<div class=\"raven-post\">\r\n\t\t\t\t\t\t<div class=\"raven-post-image-wrap\">\r\n\t\t\t<a class=\"raven-post-image raven-image-fit\" href=\"https:\/\/www.cppisrq.ca\/en\/the-deadline-for-making-a-complaint-is-one-year\/\"><img fetchpriority=\"high\" decoding=\"async\" width=\"692\" height=\"476\" src=\"https:\/\/www.cppisrq.ca\/wp-content\/uploads\/2021\/03\/saviez-vous1.jpg\" class=\"attachment-large size-large wp-image-1568\" alt=\"\" srcset=\"https:\/\/www.cppisrq.ca\/wp-content\/uploads\/2021\/03\/saviez-vous1.jpg 692w, https:\/\/www.cppisrq.ca\/wp-content\/uploads\/2021\/03\/saviez-vous1-600x413.jpg 600w, https:\/\/www.cppisrq.ca\/wp-content\/uploads\/2021\/03\/saviez-vous1-300x206.jpg 300w\" sizes=\"(max-width: 692px) 100vw, 692px\" \/> <span class=\"raven-post-image-overlay\"><\/span><\/a>\t\t<\/div>\r\n\t\t\t\t\t\t<div class=\"raven-post-content\">\r\n\t\t\t\t\t<h2 class=\"raven-post-title\"><a class=\"raven-post-title-link\" href=\"https:\/\/www.cppisrq.ca\/en\/the-deadline-for-making-a-complaint-is-one-year\/\">The deadline for making a complaint is one year.<\/a><\/h2><div class=\"raven-post-excerpt\">Did you know that as an employee covered by the Decree, you have up to 1 year to file a complaint regarding non-compliance with the provisions of the Decree to the Parity Committee?<\/div>\t\t<div class=\"raven-post-read-more\">\r\n\t\t\t<a class=\"raven-post-button\" href=\"https:\/\/www.cppisrq.ca\/en\/the-deadline-for-making-a-complaint-is-one-year\/\"><span class=\"raven-post-button-text\">LIRE LA SUITE<\/span><\/a>\r\n\t\t<\/div>\r\n\t\t\t\t\t\t<\/div>\r\n\t\t\t<\/div>\r\n\t\t<\/div>\r\n\t\t\t\t<div class=\"raven-grid-item raven-post-item post-4615 post type-post status-publish format-standard has-post-thumbnail hentry category-did-you-know\">\r\n\t\t\t<div class=\"raven-post\">\r\n\t\t\t\t\t\t<div class=\"raven-post-image-wrap\">\r\n\t\t\t<a class=\"raven-post-image raven-image-fit\" href=\"https:\/\/www.cppisrq.ca\/en\/the-parity-committee-is-not-a-union\/\"><img decoding=\"async\" width=\"692\" height=\"476\" src=\"https:\/\/www.cppisrq.ca\/wp-content\/uploads\/2020\/12\/saviez-vous2.jpg\" class=\"attachment-large size-large wp-image-1578\" alt=\"\" srcset=\"https:\/\/www.cppisrq.ca\/wp-content\/uploads\/2020\/12\/saviez-vous2.jpg 692w, https:\/\/www.cppisrq.ca\/wp-content\/uploads\/2020\/12\/saviez-vous2-600x413.jpg 600w, https:\/\/www.cppisrq.ca\/wp-content\/uploads\/2020\/12\/saviez-vous2-300x206.jpg 300w\" sizes=\"(max-width: 692px) 100vw, 692px\" \/> <span class=\"raven-post-image-overlay\"><\/span><\/a>\t\t<\/div>\r\n\t\t\t\t\t\t<div class=\"raven-post-content\">\r\n\t\t\t\t\t<h2 class=\"raven-post-title\"><a class=\"raven-post-title-link\" href=\"https:\/\/www.cppisrq.ca\/en\/the-parity-committee-is-not-a-union\/\">The Parity Committee is not a union.<\/a><\/h2><div class=\"raven-post-excerpt\">Contrary to popular belief that the Parity Committee is like a union, the Committee\u2019s mission is quite different! <\/div>\t\t<div class=\"raven-post-read-more\">\r\n\t\t\t<a class=\"raven-post-button\" href=\"https:\/\/www.cppisrq.ca\/en\/the-parity-committee-is-not-a-union\/\"><span class=\"raven-post-button-text\">LIRE LA SUITE<\/span><\/a>\r\n\t\t<\/div>\r\n\t\t\t\t\t\t<\/div>\r\n\t\t\t<\/div>\r\n\t\t<\/div>\r\n\t\t\t\t<div class=\"raven-grid-item raven-post-item post-4614 post type-post status-publish format-standard has-post-thumbnail hentry category-did-you-know\">\r\n\t\t\t<div class=\"raven-post\">\r\n\t\t\t\t\t\t<div class=\"raven-post-image-wrap\">\r\n\t\t\t<a class=\"raven-post-image raven-image-fit\" href=\"https:\/\/www.cppisrq.ca\/en\/recording-hours-and-keeping-play-slips-essential-actions\/\"><img decoding=\"async\" width=\"523\" height=\"791\" src=\"https:\/\/www.cppisrq.ca\/wp-content\/uploads\/2020\/12\/cpas-img.jpg\" class=\"attachment-large size-large wp-image-621\" alt=\"\" srcset=\"https:\/\/www.cppisrq.ca\/wp-content\/uploads\/2020\/12\/cpas-img.jpg 523w, https:\/\/www.cppisrq.ca\/wp-content\/uploads\/2020\/12\/cpas-img-198x300.jpg 198w\" sizes=\"(max-width: 523px) 100vw, 523px\" \/> <span class=\"raven-post-image-overlay\"><\/span><\/a>\t\t<\/div>\r\n\t\t\t\t\t\t<div class=\"raven-post-content\">\r\n\t\t\t\t\t<h2 class=\"raven-post-title\"><a class=\"raven-post-title-link\" href=\"https:\/\/www.cppisrq.ca\/en\/recording-hours-and-keeping-play-slips-essential-actions\/\">Recording hours and keeping play slips, essential actions!<\/a><\/h2><div class=\"raven-post-excerpt\">It is always recommended that the employee document as much information as possible on the work performed. Keeping pay slips and noting hours worked as well as work locations are simple but important actions.<\/div>\t\t<div class=\"raven-post-read-more\">\r\n\t\t\t<a class=\"raven-post-button\" href=\"https:\/\/www.cppisrq.ca\/en\/recording-hours-and-keeping-play-slips-essential-actions\/\"><span class=\"raven-post-button-text\">LIRE LA SUITE<\/span><\/a>\r\n\t\t<\/div>\r\n\t\t\t\t\t\t<\/div>\r\n\t\t\t<\/div>\r\n\t\t<\/div>\r\n\t\t\t\t<\/div>\r\n\t\t\t\t\t\t<\/div>\n\t\t\t\t<\/div>\n\t\t\t\t\t<\/div>\n\t\t<\/div>\n\t\t\t\t\t<\/div>\n\t\t<\/section>\n\t\t\t\t<\/div>\n\t\t","protected":false},"excerpt":{"rendered":"<p>Did you know? Le comit\u00e9 paritaire n\u2019est pas un syndicat. Contrairement \u00e0 une pens\u00e9e populaire qui pr\u00e9tend que le Comit\u00e9 paritaire est comme un syndicat, la mission du Comit\u00e9 est bien diff\u00e9rente! LIRE LA SUITE Noter ses heures et garder ses bulletins de paie, des actions essentielles! Il est toujours recommand\u00e9 au salari\u00e9 de noter [&hellip;]<\/p>\n","protected":false},"author":13,"featured_media":0,"parent":0,"menu_order":0,"comment_status":"closed","ping_status":"closed","template":"elementor_header_footer","meta":{"_acf_changed":false,"footnotes":""},"class_list":["post-1948","page","type-page","status-publish","hentry"],"acf":[],"yoast_head":"<!-- This site is optimized with the Yoast SEO plugin v24.7 - https:\/\/yoast.com\/wordpress\/plugins\/seo\/ -->\n<title>Did you know? - Comit\u00e9 Paritaire des Agents de S\u00e9curit\u00e9<\/title>\n<meta name=\"robots\" content=\"index, follow, max-snippet:-1, max-image-preview:large, max-video-preview:-1\" \/>\n<link rel=\"canonical\" href=\"https:\/\/cppisrq.ca\/en\/did-you-know\/\" \/>\n<meta property=\"og:locale\" content=\"en_US\" \/>\n<meta property=\"og:type\" content=\"article\" \/>\n<meta property=\"og:title\" content=\"Did you know? - Comit\u00e9 Paritaire des Agents de S\u00e9curit\u00e9\" \/>\n<meta property=\"og:description\" content=\"Did you know? Le comit\u00e9 paritaire n\u2019est pas un syndicat. Contrairement \u00e0 une pens\u00e9e populaire qui pr\u00e9tend que le Comit\u00e9 paritaire est comme un syndicat, la mission du Comit\u00e9 est bien diff\u00e9rente! LIRE LA SUITE Noter ses heures et garder ses bulletins de paie, des actions essentielles! Il est toujours recommand\u00e9 au salari\u00e9 de noter [&hellip;]\" \/>\n<meta property=\"og:url\" content=\"https:\/\/cppisrq.ca\/en\/did-you-know\/\" \/>\n<meta property=\"og:site_name\" content=\"Comit\u00e9 Paritaire des Agents de S\u00e9curit\u00e9\" \/>\n<meta property=\"article:modified_time\" content=\"2024-01-08T14:31:29+00:00\" \/>\n<meta property=\"og:image\" content=\"https:\/\/cppisrq.ca\/wp-content\/uploads\/2020\/12\/saviez-vous2.jpg\" \/>\n<meta name=\"twitter:card\" content=\"summary_large_image\" \/>\n<meta name=\"twitter:label1\" content=\"Est. reading time\" \/>\n\t<meta name=\"twitter:data1\" content=\"2 minutes\" \/>\n<script type=\"application\/ld+json\" class=\"yoast-schema-graph\">{\"@context\":\"https:\/\/schema.org\",\"@graph\":[{\"@type\":\"WebPage\",\"@id\":\"https:\/\/cppisrq.ca\/en\/did-you-know\/\",\"url\":\"https:\/\/cppisrq.ca\/en\/did-you-know\/\",\"name\":\"Did you know? - Comit\u00e9 Paritaire des Agents de S\u00e9curit\u00e9\",\"isPartOf\":{\"@id\":\"https:\/\/cppisrq.ca\/#website\"},\"primaryImageOfPage\":{\"@id\":\"https:\/\/cppisrq.ca\/en\/did-you-know\/#primaryimage\"},\"image\":{\"@id\":\"https:\/\/cppisrq.ca\/en\/did-you-know\/#primaryimage\"},\"thumbnailUrl\":\"https:\/\/cppisrq.ca\/wp-content\/uploads\/2020\/12\/saviez-vous2.jpg\",\"datePublished\":\"2020-12-08T17:31:41+00:00\",\"dateModified\":\"2024-01-08T14:31:29+00:00\",\"breadcrumb\":{\"@id\":\"https:\/\/cppisrq.ca\/en\/did-you-know\/#breadcrumb\"},\"inLanguage\":\"en-CA\",\"potentialAction\":[{\"@type\":\"ReadAction\",\"target\":[\"https:\/\/cppisrq.ca\/en\/did-you-know\/\"]}]},{\"@type\":\"ImageObject\",\"inLanguage\":\"en-CA\",\"@id\":\"https:\/\/cppisrq.ca\/en\/did-you-know\/#primaryimage\",\"url\":\"https:\/\/cppisrq.ca\/wp-content\/uploads\/2020\/12\/saviez-vous2.jpg\",\"contentUrl\":\"https:\/\/cppisrq.ca\/wp-content\/uploads\/2020\/12\/saviez-vous2.jpg\"},{\"@type\":\"BreadcrumbList\",\"@id\":\"https:\/\/cppisrq.ca\/en\/did-you-know\/#breadcrumb\",\"itemListElement\":[{\"@type\":\"ListItem\",\"position\":1,\"name\":\"Accueil\",\"item\":\"https:\/\/cppisrq.ca\/\"},{\"@type\":\"ListItem\",\"position\":2,\"name\":\"Did you know?\"}]},{\"@type\":\"WebSite\",\"@id\":\"https:\/\/cppisrq.ca\/#website\",\"url\":\"https:\/\/cppisrq.ca\/\",\"name\":\"Comit\u00e9 Paritaire des Agents de S\u00e9curit\u00e9\",\"description\":\"\",\"potentialAction\":[{\"@type\":\"SearchAction\",\"target\":{\"@type\":\"EntryPoint\",\"urlTemplate\":\"https:\/\/cppisrq.ca\/?s={search_term_string}\"},\"query-input\":{\"@type\":\"PropertyValueSpecification\",\"valueRequired\":true,\"valueName\":\"search_term_string\"}}],\"inLanguage\":\"en-CA\"}]}<\/script>\n<!-- \/ Yoast SEO plugin. -->","yoast_head_json":{"title":"Did you know? - Comit\u00e9 Paritaire des Agents de S\u00e9curit\u00e9","robots":{"index":"index","follow":"follow","max-snippet":"max-snippet:-1","max-image-preview":"max-image-preview:large","max-video-preview":"max-video-preview:-1"},"canonical":"https:\/\/cppisrq.ca\/en\/did-you-know\/","og_locale":"en_US","og_type":"article","og_title":"Did you know? - Comit\u00e9 Paritaire des Agents de S\u00e9curit\u00e9","og_description":"Did you know? Le comit\u00e9 paritaire n\u2019est pas un syndicat. Contrairement \u00e0 une pens\u00e9e populaire qui pr\u00e9tend que le Comit\u00e9 paritaire est comme un syndicat, la mission du Comit\u00e9 est bien diff\u00e9rente! LIRE LA SUITE Noter ses heures et garder ses bulletins de paie, des actions essentielles! Il est toujours recommand\u00e9 au salari\u00e9 de noter [&hellip;]","og_url":"https:\/\/cppisrq.ca\/en\/did-you-know\/","og_site_name":"Comit\u00e9 Paritaire des Agents de S\u00e9curit\u00e9","article_modified_time":"2024-01-08T14:31:29+00:00","og_image":[{"url":"https:\/\/cppisrq.ca\/wp-content\/uploads\/2020\/12\/saviez-vous2.jpg","type":"","width":"","height":""}],"twitter_card":"summary_large_image","twitter_misc":{"Est. reading time":"2 minutes"},"schema":{"@context":"https:\/\/schema.org","@graph":[{"@type":"WebPage","@id":"https:\/\/cppisrq.ca\/en\/did-you-know\/","url":"https:\/\/cppisrq.ca\/en\/did-you-know\/","name":"Did you know? - Comit\u00e9 Paritaire des Agents de S\u00e9curit\u00e9","isPartOf":{"@id":"https:\/\/cppisrq.ca\/#website"},"primaryImageOfPage":{"@id":"https:\/\/cppisrq.ca\/en\/did-you-know\/#primaryimage"},"image":{"@id":"https:\/\/cppisrq.ca\/en\/did-you-know\/#primaryimage"},"thumbnailUrl":"https:\/\/cppisrq.ca\/wp-content\/uploads\/2020\/12\/saviez-vous2.jpg","datePublished":"2020-12-08T17:31:41+00:00","dateModified":"2024-01-08T14:31:29+00:00","breadcrumb":{"@id":"https:\/\/cppisrq.ca\/en\/did-you-know\/#breadcrumb"},"inLanguage":"en-CA","potentialAction":[{"@type":"ReadAction","target":["https:\/\/cppisrq.ca\/en\/did-you-know\/"]}]},{"@type":"ImageObject","inLanguage":"en-CA","@id":"https:\/\/cppisrq.ca\/en\/did-you-know\/#primaryimage","url":"https:\/\/cppisrq.ca\/wp-content\/uploads\/2020\/12\/saviez-vous2.jpg","contentUrl":"https:\/\/cppisrq.ca\/wp-content\/uploads\/2020\/12\/saviez-vous2.jpg"},{"@type":"BreadcrumbList","@id":"https:\/\/cppisrq.ca\/en\/did-you-know\/#breadcrumb","itemListElement":[{"@type":"ListItem","position":1,"name":"Accueil","item":"https:\/\/cppisrq.ca\/"},{"@type":"ListItem","position":2,"name":"Did you know?"}]},{"@type":"WebSite","@id":"https:\/\/cppisrq.ca\/#website","url":"https:\/\/cppisrq.ca\/","name":"Comit\u00e9 Paritaire des Agents de S\u00e9curit\u00e9","description":"","potentialAction":[{"@type":"SearchAction","target":{"@type":"EntryPoint","urlTemplate":"https:\/\/cppisrq.ca\/?s={search_term_string}"},"query-input":{"@type":"PropertyValueSpecification","valueRequired":true,"valueName":"search_term_string"}}],"inLanguage":"en-CA"}]}},"_links":{"self":[{"href":"https:\/\/www.cppisrq.ca\/en\/wp-json\/wp\/v2\/pages\/1948","targetHints":{"allow":["GET"]}}],"collection":[{"href":"https:\/\/www.cppisrq.ca\/en\/wp-json\/wp\/v2\/pages"}],"about":[{"href":"https:\/\/www.cppisrq.ca\/en\/wp-json\/wp\/v2\/types\/page"}],"author":[{"embeddable":true,"href":"https:\/\/www.cppisrq.ca\/en\/wp-json\/wp\/v2\/users\/13"}],"replies":[{"embeddable":true,"href":"https:\/\/www.cppisrq.ca\/en\/wp-json\/wp\/v2\/comments?post=1948"}],"version-history":[{"count":0,"href":"https:\/\/www.cppisrq.ca\/en\/wp-json\/wp\/v2\/pages\/1948\/revisions"}],"wp:attachment":[{"href":"https:\/\/www.cppisrq.ca\/en\/wp-json\/wp\/v2\/media?parent=1948"}],"curies":[{"name":"wp","href":"https:\/\/api.w.org\/{rel}","templated":true}]}}